{"id":1997,"date":"2023-03-10T11:58:06","date_gmt":"2023-03-10T16:58:06","guid":{"rendered":"https:\/\/elasseguros.com\/?page_id=1997"},"modified":"2023-03-10T12:05:47","modified_gmt":"2023-03-10T17:05:47","slug":"bloog","status":"publish","type":"page","link":"https:\/\/elasseguros.com\/en\/bloog\/","title":{"rendered":"Bloog"},"content":{"rendered":"<div data-elementor-type=\"wp-post\" data-elementor-id=\"1997\" class=\"elementor elementor-1997\">\n\t\t\t\t\t\t<div class=\"elementor-inner\">\n\t\t\t\t<div class=\"elementor-section-wrap\">\n\t\t\t\t\t\t\t\t\t<section class=\"elementor-section elementor-top-section elementor-element elementor-element-1baf8cb elementor-section-boxed elementor-section-height-default elementor-section-height-default\" data-id=\"1baf8cb\" data-element_type=\"section\">\n\t\t\t\t\t\t<div class=\"elementor-container elementor-column-gap-default\">\n\t\t\t\t\t\t\t<div class=\"elementor-row\">\n\t\t\t\t\t<div class=\"elementor-column elementor-col-100 elementor-top-column elementor-element elementor-element-e3c0bb6\" data-id=\"e3c0bb6\" data-element_type=\"column\">\n\t\t\t<div class=\"elementor-column-wrap elementor-element-populated\">\n\t\t\t\t\t\t\t<div class=\"elementor-widget-wrap\">\n\t\t\t\t\t\t<div class=\"elementor-element elementor-element-3be1a7e elementor-widget elementor-widget-athemes-posts\" data-id=\"3be1a7e\" data-element_type=\"widget\" data-widget_type=\"athemes-posts.default\">\n\t\t\t\t<div class=\"elementor-widget-container\">\n\t\t\t\n\t\t<div class=\"panel-grid-cell\">\t\t\t<div class=\"latest-news-wrapper carousel owl-carousel row style1\">\n\t\t\t\t\t\t\t<div class=\"blog-post col-md-12\">\n\t\t\t\t\t\t\t\t\t<div class=\"entry-thumb\">\n\t\t\t\t\t\t<a href=\"https:\/\/elasseguros.com\/en\/que-es-una-inversion\/\" title=\"\u00bfQu\u00e9 es una inversi\u00f3n?\">\n\t\t\t\t\t\t\t<img width=\"866\" height=\"563\" src=\"https:\/\/elasseguros.com\/wp-content\/uploads\/2023\/03\/3c.png\" class=\"attachment-medium-thumb size-medium-thumb wp-post-image\" alt=\"\" decoding=\"async\" loading=\"lazy\" srcset=\"https:\/\/elasseguros.com\/wp-content\/uploads\/2023\/03\/3c.png 866w, https:\/\/elasseguros.com\/wp-content\/uploads\/2023\/03\/3c-300x195.png 300w, https:\/\/elasseguros.com\/wp-content\/uploads\/2023\/03\/3c-768x499.png 768w, https:\/\/elasseguros.com\/wp-content\/uploads\/2023\/03\/3c-18x12.png 18w, https:\/\/elasseguros.com\/wp-content\/uploads\/2023\/03\/3c-230x150.png 230w, https:\/\/elasseguros.com\/wp-content\/uploads\/2023\/03\/3c-350x228.png 350w, https:\/\/elasseguros.com\/wp-content\/uploads\/2023\/03\/3c-480x312.png 480w\" sizes=\"(max-width: 866px) 100vw, 866px\" \/>\t\t\t\t\t\t<\/a>\t\t\t\n\t\t\t\t\t<\/div>\t\n\t\t\t\t\t\t\t\t\t\t\n\t\t\t\t\t\t\t\t\t<div class=\"entry-meta delimiter-dot\">\n\t\t\t\t\t\t\t\t\t\t\t\t\t\t\t\t\n\t\t\t\t\t<\/div>\n\t\t\t\t\t\t\t\t<h4 class=\"entry-title\"><a href=\"https:\/\/elasseguros.com\/en\/que-es-una-inversion\/\" rel=\"bookmark\">\u00bfQu\u00e9 es una inversi\u00f3n?<\/a><\/h4>\t\t\t\t\t<div class=\"entry-summary\">\n\t\t\t\t\t<p>Las inversiones son cuotas de ahorro que nos generan una estabilidad, rentabilidad o beneficio por un tiempo determinado en el que nuestro [&hellip;]<\/p>\n<\/div>\n\t\t\t\t<\/div>\n\t\t\t\t\t\t\t<div class=\"blog-post col-md-12\">\n\t\t\t\t\t\t\t\t\t<div class=\"entry-thumb\">\n\t\t\t\t\t\t<a href=\"https:\/\/elasseguros.com\/en\/inflacion-y-sus-causas\/\" title=\"Inflaci\u00f3n y sus causas\">\n\t\t\t\t\t\t\t<img width=\"866\" height=\"563\" src=\"https:\/\/elasseguros.com\/wp-content\/uploads\/2023\/03\/2c.png\" class=\"attachment-medium-thumb size-medium-thumb wp-post-image\" alt=\"\" decoding=\"async\" loading=\"lazy\" srcset=\"https:\/\/elasseguros.com\/wp-content\/uploads\/2023\/03\/2c.png 866w, https:\/\/elasseguros.com\/wp-content\/uploads\/2023\/03\/2c-300x195.png 300w, https:\/\/elasseguros.com\/wp-content\/uploads\/2023\/03\/2c-768x499.png 768w, https:\/\/elasseguros.com\/wp-content\/uploads\/2023\/03\/2c-18x12.png 18w, https:\/\/elasseguros.com\/wp-content\/uploads\/2023\/03\/2c-230x150.png 230w, https:\/\/elasseguros.com\/wp-content\/uploads\/2023\/03\/2c-350x228.png 350w, https:\/\/elasseguros.com\/wp-content\/uploads\/2023\/03\/2c-480x312.png 480w\" sizes=\"(max-width: 866px) 100vw, 866px\" \/>\t\t\t\t\t\t<\/a>\t\t\t\n\t\t\t\t\t<\/div>\t\n\t\t\t\t\t\t\t\t\t\t\n\t\t\t\t\t\t\t\t\t<div class=\"entry-meta delimiter-dot\">\n\t\t\t\t\t\t\t\t\t\t\t\t\t\t\t\t\n\t\t\t\t\t<\/div>\n\t\t\t\t\t\t\t\t<h4 class=\"entry-title\"><a href=\"https:\/\/elasseguros.com\/en\/inflacion-y-sus-causas\/\" rel=\"bookmark\">Inflaci\u00f3n y sus causas<\/a><\/h4>\t\t\t\t\t<div class=\"entry-summary\">\n\t\t\t\t\t<p>La inflaci\u00f3n registrada al cierre del a\u00f1o 2022 ha sido una de las m\u00e1s altas desde el a\u00f1o 2009, cerrando aproximadamente en [&hellip;]<\/p>\n<\/div>\n\t\t\t\t<\/div>\n\t\t\t\t\t\t\t<div class=\"blog-post col-md-12\">\n\t\t\t\t\t\t\t\t\t<div class=\"entry-thumb\">\n\t\t\t\t\t\t<a href=\"https:\/\/elasseguros.com\/en\/nueva-ley-de-movilidad\/\" title=\"Nueva ley de movilidad\">\n\t\t\t\t\t\t\t<img width=\"866\" height=\"563\" src=\"https:\/\/elasseguros.com\/wp-content\/uploads\/2023\/03\/nueva-ley.jpg\" class=\"attachment-medium-thumb size-medium-thumb wp-post-image\" alt=\"\" decoding=\"async\" loading=\"lazy\" srcset=\"https:\/\/elasseguros.com\/wp-content\/uploads\/2023\/03\/nueva-ley.jpg 866w, https:\/\/elasseguros.com\/wp-content\/uploads\/2023\/03\/nueva-ley-300x195.jpg 300w, https:\/\/elasseguros.com\/wp-content\/uploads\/2023\/03\/nueva-ley-768x499.jpg 768w, https:\/\/elasseguros.com\/wp-content\/uploads\/2023\/03\/nueva-ley-18x12.jpg 18w, https:\/\/elasseguros.com\/wp-content\/uploads\/2023\/03\/nueva-ley-230x150.jpg 230w, https:\/\/elasseguros.com\/wp-content\/uploads\/2023\/03\/nueva-ley-350x228.jpg 350w, https:\/\/elasseguros.com\/wp-content\/uploads\/2023\/03\/nueva-ley-480x312.jpg 480w\" sizes=\"(max-width: 866px) 100vw, 866px\" \/>\t\t\t\t\t\t<\/a>\t\t\t\n\t\t\t\t\t<\/div>\t\n\t\t\t\t\t\t\t\t\t\t\n\t\t\t\t\t\t\t\t\t<div class=\"entry-meta delimiter-dot\">\n\t\t\t\t\t\t\t\t\t\t\t\t\t\t\t\t\n\t\t\t\t\t<\/div>\n\t\t\t\t\t\t\t\t<h4 class=\"entry-title\"><a href=\"https:\/\/elasseguros.com\/en\/nueva-ley-de-movilidad\/\" rel=\"bookmark\">Nueva ley de movilidad<\/a><\/h4>\t\t\t\t\t<div class=\"entry-summary\">\n\t\t\t\t\t<p>Sab\u00edas que tenemos una nueva ley de movilidad que nos rige a partir de: Julio 2022. la ley 2251 es en donde [&hellip;]<\/p>\n<\/div>\n\t\t\t\t<\/div>\n\t\t\t\t\t\t\t<div class=\"blog-post col-md-12\">\n\t\t\t\t\t\t\t\t\t<div class=\"entry-thumb\">\n\t\t\t\t\t\t<a href=\"https:\/\/elasseguros.com\/en\/nos-unimos-quedateencasa\/\" title=\"We join #quedateencasa\">\n\t\t\t\t\t\t\t<img width=\"2400\" height=\"1800\" src=\"https:\/\/elasseguros.com\/wp-content\/uploads\/2020\/06\/Quedateencasa.jpg\" class=\"attachment-medium-thumb size-medium-thumb wp-post-image\" alt=\"\" decoding=\"async\" loading=\"lazy\" srcset=\"https:\/\/elasseguros.com\/wp-content\/uploads\/2020\/06\/Quedateencasa.jpg 2400w, https:\/\/elasseguros.com\/wp-content\/uploads\/2020\/06\/Quedateencasa-300x225.jpg 300w, https:\/\/elasseguros.com\/wp-content\/uploads\/2020\/06\/Quedateencasa-1024x768.jpg 1024w, https:\/\/elasseguros.com\/wp-content\/uploads\/2020\/06\/Quedateencasa-768x576.jpg 768w, https:\/\/elasseguros.com\/wp-content\/uploads\/2020\/06\/Quedateencasa-1536x1152.jpg 1536w, https:\/\/elasseguros.com\/wp-content\/uploads\/2020\/06\/Quedateencasa-2048x1536.jpg 2048w, https:\/\/elasseguros.com\/wp-content\/uploads\/2020\/06\/Quedateencasa-830x623.jpg 830w, https:\/\/elasseguros.com\/wp-content\/uploads\/2020\/06\/Quedateencasa-230x173.jpg 230w, https:\/\/elasseguros.com\/wp-content\/uploads\/2020\/06\/Quedateencasa-350x263.jpg 350w, https:\/\/elasseguros.com\/wp-content\/uploads\/2020\/06\/Quedateencasa-480x360.jpg 480w\" sizes=\"(max-width: 2400px) 100vw, 2400px\" \/>\t\t\t\t\t\t<\/a>\t\t\t\n\t\t\t\t\t<\/div>\t\n\t\t\t\t\t\t\t\t\t\t\n\t\t\t\t\t\t\t\t\t<div class=\"entry-meta delimiter-dot\">\n\t\t\t\t\t\t\t\t\t\t\t\t\t\t\t\t\n\t\t\t\t\t<\/div>\n\t\t\t\t\t\t\t\t<h4 class=\"entry-title\"><a href=\"https:\/\/elasseguros.com\/en\/nos-unimos-quedateencasa\/\" rel=\"bookmark\">We join #quedateencasa<\/a><\/h4>\t\t\t\t\t<div class=\"entry-summary\">\n\t\t\t\t\t<p>Entendemos que en esta \u00e9poca reina:&nbsp; la incertidumbre, la angustia, la ansiedad. Pero queremos decirte que eres. T\u00fa lo mas importante, algunas [&hellip;]<\/p>\n<\/div>\n\t\t\t\t<\/div>\n\t\t\t\t\t\t\t<div class=\"blog-post col-md-12\">\n\t\t\t\t\t\t\t\t\t<div class=\"entry-thumb\">\n\t\t\t\t\t\t<a href=\"https:\/\/elasseguros.com\/en\/los-patrones-financieros-de-los-millennials\/\" title=\"Millennials&#039; Financial Patterns\">\n\t\t\t\t\t\t\t<img width=\"550\" height=\"363\" src=\"https:\/\/elasseguros.com\/wp-content\/uploads\/2020\/06\/EL-DUQUE-ASnoticia1f.jpg\" class=\"attachment-medium-thumb size-medium-thumb wp-post-image\" alt=\"\" decoding=\"async\" loading=\"lazy\" srcset=\"https:\/\/elasseguros.com\/wp-content\/uploads\/2020\/06\/EL-DUQUE-ASnoticia1f.jpg 550w, https:\/\/elasseguros.com\/wp-content\/uploads\/2020\/06\/EL-DUQUE-ASnoticia1f-300x198.jpg 300w, https:\/\/elasseguros.com\/wp-content\/uploads\/2020\/06\/EL-DUQUE-ASnoticia1f-230x152.jpg 230w, https:\/\/elasseguros.com\/wp-content\/uploads\/2020\/06\/EL-DUQUE-ASnoticia1f-350x231.jpg 350w, https:\/\/elasseguros.com\/wp-content\/uploads\/2020\/06\/EL-DUQUE-ASnoticia1f-480x317.jpg 480w\" sizes=\"(max-width: 550px) 100vw, 550px\" \/>\t\t\t\t\t\t<\/a>\t\t\t\n\t\t\t\t\t<\/div>\t\n\t\t\t\t\t\t\t\t\t\t\n\t\t\t\t\t\t\t\t\t<div class=\"entry-meta delimiter-dot\">\n\t\t\t\t\t\t\t\t\t\t\t\t\t\t\t\t\n\t\t\t\t\t<\/div>\n\t\t\t\t\t\t\t\t<h4 class=\"entry-title\"><a href=\"https:\/\/elasseguros.com\/en\/los-patrones-financieros-de-los-millennials\/\" rel=\"bookmark\">Millennials&#039; Financial Patterns<\/a><\/h4>\t\t\t\t\t<div class=\"entry-summary\">\n\t\t\t\t\t<p>Los avances tecnol\u00f3gicos cambian constantemente la forma como interactuamos con las empresas, este efecto se siente con m\u00e1s fuerza en los millennials, [&hellip;]<\/p>\n<\/div>\n\t\t\t\t<\/div>\n\t\t\t\t\t\t\t<div class=\"blog-post col-md-12\">\n\t\t\t\t\t\t\t\t\t<div class=\"entry-thumb\">\n\t\t\t\t\t\t<a href=\"https:\/\/elasseguros.com\/en\/mayores-causas-por-enfermedad-en-el-pais\/\" title=\"Major causes of disease in the country\">\n\t\t\t\t\t\t\t<img width=\"550\" height=\"363\" src=\"https:\/\/elasseguros.com\/wp-content\/uploads\/2020\/06\/EL-DUQUE-ASnoticia2.jpg\" class=\"attachment-medium-thumb size-medium-thumb wp-post-image\" alt=\"\" decoding=\"async\" loading=\"lazy\" srcset=\"https:\/\/elasseguros.com\/wp-content\/uploads\/2020\/06\/EL-DUQUE-ASnoticia2.jpg 550w, https:\/\/elasseguros.com\/wp-content\/uploads\/2020\/06\/EL-DUQUE-ASnoticia2-300x198.jpg 300w, https:\/\/elasseguros.com\/wp-content\/uploads\/2020\/06\/EL-DUQUE-ASnoticia2-230x152.jpg 230w, https:\/\/elasseguros.com\/wp-content\/uploads\/2020\/06\/EL-DUQUE-ASnoticia2-350x231.jpg 350w, https:\/\/elasseguros.com\/wp-content\/uploads\/2020\/06\/EL-DUQUE-ASnoticia2-480x317.jpg 480w\" sizes=\"(max-width: 550px) 100vw, 550px\" \/>\t\t\t\t\t\t<\/a>\t\t\t\n\t\t\t\t\t<\/div>\t\n\t\t\t\t\t\t\t\t\t\t\n\t\t\t\t\t\t\t\t\t<div class=\"entry-meta delimiter-dot\">\n\t\t\t\t\t\t\t\t\t\t\t\t\t\t\t\t\n\t\t\t\t\t<\/div>\n\t\t\t\t\t\t\t\t<h4 class=\"entry-title\"><a href=\"https:\/\/elasseguros.com\/en\/mayores-causas-por-enfermedad-en-el-pais\/\" rel=\"bookmark\">Major causes of disease in the country<\/a><\/h4>\t\t\t\t\t<div class=\"entry-summary\">\n\t\t\t\t\t<p>Para explicar los cambios en la mortalidad, se presenta un&nbsp; breve&nbsp; an\u00e1lisis&nbsp; sobre&nbsp; la&nbsp; variaci\u00f3n&nbsp; en&nbsp; la&nbsp; tasa&nbsp; cruda causada por las [&hellip;]<\/p>\n<\/div>\n\t\t\t\t<\/div>\n\t\t\t\t\t\t\t<div class=\"blog-post col-md-12\">\n\t\t\t\t\t\t\t\t\t<div class=\"entry-thumb\">\n\t\t\t\t\t\t<a href=\"https:\/\/elasseguros.com\/en\/sepa-como-liquidar-sus-deudas-bajo-la-ley-de-insolvencia\/\" title=\"Know how to pay off your debts under insolvency law\">\n\t\t\t\t\t\t\t<img width=\"550\" height=\"363\" src=\"https:\/\/elasseguros.com\/wp-content\/uploads\/2020\/06\/EL-DUQUE-ASnoticia1.jpg\" class=\"attachment-medium-thumb size-medium-thumb wp-post-image\" alt=\"\" decoding=\"async\" loading=\"lazy\" srcset=\"https:\/\/elasseguros.com\/wp-content\/uploads\/2020\/06\/EL-DUQUE-ASnoticia1.jpg 550w, https:\/\/elasseguros.com\/wp-content\/uploads\/2020\/06\/EL-DUQUE-ASnoticia1-300x198.jpg 300w, https:\/\/elasseguros.com\/wp-content\/uploads\/2020\/06\/EL-DUQUE-ASnoticia1-230x152.jpg 230w, https:\/\/elasseguros.com\/wp-content\/uploads\/2020\/06\/EL-DUQUE-ASnoticia1-350x231.jpg 350w, https:\/\/elasseguros.com\/wp-content\/uploads\/2020\/06\/EL-DUQUE-ASnoticia1-480x317.jpg 480w\" sizes=\"(max-width: 550px) 100vw, 550px\" \/>\t\t\t\t\t\t<\/a>\t\t\t\n\t\t\t\t\t<\/div>\t\n\t\t\t\t\t\t\t\t\t\t\n\t\t\t\t\t\t\t\t\t<div class=\"entry-meta delimiter-dot\">\n\t\t\t\t\t\t\t\t\t\t\t\t\t\t\t\t\n\t\t\t\t\t<\/div>\n\t\t\t\t\t\t\t\t<h4 class=\"entry-title\"><a href=\"https:\/\/elasseguros.com\/en\/sepa-como-liquidar-sus-deudas-bajo-la-ley-de-insolvencia\/\" rel=\"bookmark\">Know how to pay off your debts under insolvency law<\/a><\/h4>\t\t\t\t\t<div class=\"entry-summary\">\n\t\t\t\t\t<p>Si usted atraviesa una situaci\u00f3n inesperada con sus finanzas, escenario que&nbsp;le impide atender sus obligaciones financieras pactadas anteriormente, puede verse beneficiado por [&hellip;]<\/p>\n<\/div>\n\t\t\t\t<\/div>\n\t\t\t\t\t\t<\/div>\n\t\t<\/div>\n\n\t\t\t\n\t\t\n\t\t\t\t<\/div>\n\t\t\t\t<\/div>\n\t\t\t\t\t\t<\/div>\n\t\t\t\t\t<\/div>\n\t\t<\/div>\n\t\t\t\t\t\t\t\t<\/div>\n\t\t\t\t\t<\/div>\n\t\t<\/section>\n\t\t\t\t\t\t\t\t\t<\/div>\n\t\t\t<\/div>\n\t\t\t\t\t<\/div>","protected":false},"excerpt":{"rendered":"<p>Nueva ley de movilidad Sab\u00edas que tenemos una nueva ley de movilidad que nos rige a partir de: Julio 2022. la ley [&hellip;]<\/p>","protected":false},"author":3,"featured_media":0,"parent":0,"menu_order":0,"comment_status":"closed","ping_status":"closed","template":"elementor_header_footer","meta":[],"_links":{"self":[{"href":"https:\/\/elasseguros.com\/en\/wp-json\/wp\/v2\/pages\/1997"}],"collection":[{"href":"https:\/\/elasseguros.com\/en\/wp-json\/wp\/v2\/pages"}],"about":[{"href":"https:\/\/elasseguros.com\/en\/wp-json\/wp\/v2\/types\/page"}],"author":[{"embeddable":true,"href":"https:\/\/elasseguros.com\/en\/wp-json\/wp\/v2\/users\/3"}],"replies":[{"embeddable":true,"href":"https:\/\/elasseguros.com\/en\/wp-json\/wp\/v2\/comments?post=1997"}],"version-history":[{"count":11,"href":"https:\/\/elasseguros.com\/en\/wp-json\/wp\/v2\/pages\/1997\/revisions"}],"predecessor-version":[{"id":3075,"href":"https:\/\/elasseguros.com\/en\/wp-json\/wp\/v2\/pages\/1997\/revisions\/3075"}],"wp:attachment":[{"href":"https:\/\/elasseguros.com\/en\/wp-json\/wp\/v2\/media?parent=1997"}],"curies":[{"name":"wp","href":"https:\/\/api.w.org\/{rel}","templated":true}]}}