{"id":899,"date":"2020-06-12T18:47:45","date_gmt":"2020-06-12T23:47:45","guid":{"rendered":"https:\/\/elasseguros.com\/?page_id=899"},"modified":"2023-03-29T18:24:10","modified_gmt":"2023-03-29T23:24:10","slug":"todo-riesgo","status":"publish","type":"page","link":"https:\/\/elasseguros.com\/en\/todo-riesgo\/","title":{"rendered":"Todo riesgo"},"content":{"rendered":"<div data-elementor-type=\"wp-page\" data-elementor-id=\"899\" class=\"elementor elementor-899\">\n\t\t\t\t\t\t<div class=\"elementor-inner\">\n\t\t\t\t<div class=\"elementor-section-wrap\">\n\t\t\t\t\t\t\t\t\t<section class=\"elementor-section elementor-top-section elementor-element elementor-element-2e73f02 elementor-section-full_width elementor-section-stretched elementor-section-height-default elementor-section-height-default\" data-id=\"2e73f02\" data-element_type=\"section\" data-settings=\"{&quot;stretch_section&quot;:&quot;section-stretched&quot;}\">\n\t\t\t\t\t\t<div class=\"elementor-container elementor-column-gap-default\">\n\t\t\t\t\t\t\t<div class=\"elementor-row\">\n\t\t\t\t\t<div class=\"elementor-column elementor-col-100 elementor-top-column elementor-element elementor-element-dc660b6\" data-id=\"dc660b6\" data-element_type=\"column\">\n\t\t\t<div class=\"elementor-column-wrap elementor-element-populated\">\n\t\t\t\t\t\t\t<div class=\"elementor-widget-wrap\">\n\t\t\t\t\t\t<div class=\"elementor-element elementor-element-890378a elementor-widget elementor-widget-image\" data-id=\"890378a\" data-element_type=\"widget\" data-widget_type=\"image.default\">\n\t\t\t\t<div class=\"elementor-widget-container\">\n\t\t\t\t\t\t\t\t<div class=\"elementor-image\">\n\t\t\t\t\t\t\t\t\t\t\t\t\t<a href=\"https:\/\/api.whatsapp.com\/send?phone=5717943300&#038;text=Estoy%20interesada(o)%20en%20seguro%20todo%20riesgo\" target=\"_blank\">\n\t\t\t\t\t\t\t<img decoding=\"async\" width=\"1920\" height=\"601\" src=\"https:\/\/elasseguros.com\/wp-content\/uploads\/2023\/03\/bansegtodries.jpg\" class=\"attachment-2048x2048 size-2048x2048 wp-image-3272\" alt=\"\" loading=\"lazy\" srcset=\"https:\/\/elasseguros.com\/wp-content\/uploads\/2023\/03\/bansegtodries.jpg 1920w, https:\/\/elasseguros.com\/wp-content\/uploads\/2023\/03\/bansegtodries-300x94.jpg 300w, https:\/\/elasseguros.com\/wp-content\/uploads\/2023\/03\/bansegtodries-1024x321.jpg 1024w, https:\/\/elasseguros.com\/wp-content\/uploads\/2023\/03\/bansegtodries-768x240.jpg 768w, https:\/\/elasseguros.com\/wp-content\/uploads\/2023\/03\/bansegtodries-1536x481.jpg 1536w, https:\/\/elasseguros.com\/wp-content\/uploads\/2023\/03\/bansegtodries-18x6.jpg 18w, https:\/\/elasseguros.com\/wp-content\/uploads\/2023\/03\/bansegtodries-1000x313.jpg 1000w, https:\/\/elasseguros.com\/wp-content\/uploads\/2023\/03\/bansegtodries-230x72.jpg 230w, https:\/\/elasseguros.com\/wp-content\/uploads\/2023\/03\/bansegtodries-350x110.jpg 350w, https:\/\/elasseguros.com\/wp-content\/uploads\/2023\/03\/bansegtodries-480x150.jpg 480w\" sizes=\"(max-width: 1920px) 100vw, 1920px\" \/>\t\t\t\t\t\t\t\t<\/a>\n\t\t\t\t\t\t\t\t\t\t\t\t\t\t<\/div>\n\t\t\t\t\t\t<\/div>\n\t\t\t\t<\/div>\n\t\t\t\t\t\t<\/div>\n\t\t\t\t\t<\/div>\n\t\t<\/div>\n\t\t\t\t\t\t\t\t<\/div>\n\t\t\t\t\t<\/div>\n\t\t<\/section>\n\t\t\t\t<section class=\"elementor-section elementor-top-section elementor-element elementor-element-0faaf19 elementor-section-boxed elementor-section-height-default elementor-section-height-default\" data-id=\"0faaf19\" data-element_type=\"section\">\n\t\t\t\t\t\t<div class=\"elementor-container elementor-column-gap-default\">\n\t\t\t\t\t\t\t<div class=\"elementor-row\">\n\t\t\t\t\t<div class=\"elementor-column elementor-col-50 elementor-top-column elementor-element elementor-element-198340d\" data-id=\"198340d\" data-element_type=\"column\">\n\t\t\t<div class=\"elementor-column-wrap elementor-element-populated\">\n\t\t\t\t\t\t\t<div class=\"elementor-widget-wrap\">\n\t\t\t\t\t\t<div class=\"elementor-element elementor-element-6ea791f elementor-widget elementor-widget-text-editor\" data-id=\"6ea791f\" data-element_type=\"widget\" data-widget_type=\"text-editor.default\">\n\t\t\t\t<div class=\"elementor-widget-container\">\n\t\t\t\t\t\t\t\t<div class=\"elementor-text-editor elementor-clearfix\">\n\t\t\t\t<header class=\"entry-header\">\n<h1 class=\"title-post\">Seguro Todo Riesgo Veh\u00edculos<\/h1>\n<\/header>\n<div class=\"entry-content\">\n\nCon esta p\u00f3liza podr\u00e1 garantizar los da\u00f1os o roturas de su autom\u00f3vil o veh\u00edculo, as\u00ed como los\nposibles da\u00f1os que se pudieren causar a terceros.\n<h5>TYPE OF INSURANCE:<\/h5>\n<ul>\n \t<li>Veh\u00edculos Livianos.<\/li>\n \t<li>Veh\u00edculos Pesados.<\/li>\n \t<li>Veh\u00edculos Particulares.<\/li>\n \t<li>Motos.<\/li>\n \t<li>Amparo solo R.C. a terceros si el veh\u00edculo no es asegurable por vetustez.<\/li>\n<\/ul>\n\nActualmente ofrecemos m\u00faltiples compa\u00f1\u00edas para contar con la oferta que m\u00e1s le agrade o\najuste.<br><br>\n\u00a1Cont\u00e1ctenos! \u00a1Cotizaciones y asesor\u00eda gratis!\n\n\n<\/div>\t\t\t\t\t<\/div>\n\t\t\t\t\t\t<\/div>\n\t\t\t\t<\/div>\n\t\t\t\t\t\t<\/div>\n\t\t\t\t\t<\/div>\n\t\t<\/div>\n\t\t\t\t<div class=\"elementor-column elementor-col-50 elementor-top-column elementor-element elementor-element-af69028\" data-id=\"af69028\" data-element_type=\"column\">\n\t\t\t<div class=\"elementor-column-wrap elementor-element-populated\">\n\t\t\t\t\t\t\t<div class=\"elementor-widget-wrap\">\n\t\t\t\t\t\t<div class=\"elementor-element elementor-element-de5a2cd elementor-align-center animated-slow e-transform e-transform elementor-invisible elementor-widget elementor-widget-button\" data-id=\"de5a2cd\" data-element_type=\"widget\" data-settings=\"{&quot;_animation&quot;:&quot;bounceIn&quot;,&quot;_transform_rotateZ_effect_hover&quot;:{&quot;unit&quot;:&quot;px&quot;,&quot;size&quot;:360,&quot;sizes&quot;:[]},&quot;_transform_scale_effect_hover&quot;:{&quot;unit&quot;:&quot;px&quot;,&quot;size&quot;:1.399999999999999911182158029987476766109466552734375,&quot;sizes&quot;:[]},&quot;_transform_rotateZ_effect_hover_tablet&quot;:{&quot;unit&quot;:&quot;deg&quot;,&quot;size&quot;:&quot;&quot;,&quot;sizes&quot;:[]},&quot;_transform_rotateZ_effect_hover_mobile&quot;:{&quot;unit&quot;:&quot;deg&quot;,&quot;size&quot;:&quot;&quot;,&quot;sizes&quot;:[]},&quot;_transform_scale_effect_hover_tablet&quot;:{&quot;unit&quot;:&quot;px&quot;,&quot;size&quot;:&quot;&quot;,&quot;sizes&quot;:[]},&quot;_transform_scale_effect_hover_mobile&quot;:{&quot;unit&quot;:&quot;px&quot;,&quot;size&quot;:&quot;&quot;,&quot;sizes&quot;:[]}}\" data-widget_type=\"button.default\">\n\t\t\t\t<div class=\"elementor-widget-container\">\n\t\t\t\t\t<div class=\"elementor-button-wrapper\">\n\t\t\t<a href=\"https:\/\/api.whatsapp.com\/send?phone=5717943300&#038;text=Estoy%20interesada(o)%20en%20seguro%20todo%20riesgo\" target=\"_blank\" class=\"elementor-button-link elementor-button elementor-size-sm\" role=\"button\">\n\t\t\t\t\t\t<span class=\"elementor-button-content-wrapper\">\n\t\t\t\t\t\t\t<span class=\"elementor-button-icon elementor-align-icon-left\">\n\t\t\t\t<i aria-hidden=\"true\" class=\"fab fa-whatsapp\"><\/i>\t\t\t<\/span>\n\t\t\t\t\t\t<span class=\"elementor-button-text\">ESCR\u00cdBANOS<\/span>\n\t\t<\/span>\n\t\t\t\t\t<\/a>\n\t\t<\/div>\n\t\t\t\t<\/div>\n\t\t\t\t<\/div>\n\t\t\t\t\t\t<\/div>\n\t\t\t\t\t<\/div>\n\t\t<\/div>\n\t\t\t\t\t\t\t\t<\/div>\n\t\t\t\t\t<\/div>\n\t\t<\/section>\n\t\t\t\t<section class=\"elementor-section elementor-top-section elementor-element elementor-element-8738cc4 elementor-section-stretched elementor-section-full_width elementor-section-height-default elementor-section-height-default\" data-id=\"8738cc4\" data-element_type=\"section\" data-settings=\"{&quot;stretch_section&quot;:&quot;section-stretched&quot;,&quot;background_background&quot;:&quot;classic&quot;}\">\n\t\t\t\t\t\t<div class=\"elementor-container elementor-column-gap-default\">\n\t\t\t\t\t\t\t<div class=\"elementor-row\">\n\t\t\t\t\t<div class=\"elementor-column elementor-col-100 elementor-top-column elementor-element elementor-element-b898a10\" data-id=\"b898a10\" data-element_type=\"column\">\n\t\t\t<div class=\"elementor-column-wrap elementor-element-populated\">\n\t\t\t\t\t\t\t<div class=\"elementor-widget-wrap\">\n\t\t\t\t\t\t<div class=\"elementor-element elementor-element-1354432 elementor-widget elementor-widget-heading\" data-id=\"1354432\" data-element_type=\"widget\" data-widget_type=\"heading.default\">\n\t\t\t\t<div class=\"elementor-widget-container\">\n\t\t\t<h1 class=\"elementor-heading-title elementor-size-default\">Formulario<\/h1>\t\t<\/div>\n\t\t\t\t<\/div>\n\t\t\t\t\t\t<\/div>\n\t\t\t\t\t<\/div>\n\t\t<\/div>\n\t\t\t\t\t\t\t\t<\/div>\n\t\t\t\t\t<\/div>\n\t\t<\/section>\n\t\t\t\t<section class=\"elementor-section elementor-top-section elementor-element elementor-element-7f802d4 elementor-section-boxed elementor-section-height-default elementor-section-height-default\" data-id=\"7f802d4\" data-element_type=\"section\">\n\t\t\t\t\t\t<div class=\"elementor-container elementor-column-gap-default\">\n\t\t\t\t\t\t\t<div class=\"elementor-row\">\n\t\t\t\t\t<div class=\"elementor-column elementor-col-50 elementor-top-column elementor-element elementor-element-f3d1cb2\" data-id=\"f3d1cb2\" data-element_type=\"column\">\n\t\t\t<div class=\"elementor-column-wrap elementor-element-populated\">\n\t\t\t\t\t\t\t<div class=\"elementor-widget-wrap\">\n\t\t\t\t\t\t<div class=\"elementor-element elementor-element-d59e225 elementor-widget elementor-widget-shortcode\" data-id=\"d59e225\" data-element_type=\"widget\" data-widget_type=\"shortcode.default\">\n\t\t\t\t<div class=\"elementor-widget-container\">\n\t\t\t\t\t<div class=\"elementor-shortcode\"><div style=\"display:none\" class=\"fm-form-container fm-theme1\"><div id=\"fm-pages8\" class=\"fm-pages wdform_page_navigation\" show_title=\"\" show_numbers=\"1\" type=\"none\"><\/div><form name=\"form8\" action=\"\/en\/wp-json\/wp\/v2\/pages\/899\" method=\"post\" id=\"form8\" class=\"fm-form form8\" enctype=\"multipart\/form-data\" data-trp-original-action=\"\/en\/wp-json\/wp\/v2\/pages\/899\"><input type=\"hidden\" id=\"fm_page_id8\" value=\"899\" name=\"fm_page_id8\" \/><input type=\"hidden\" id=\"fm_current_post_type8\" value=\"page\" name=\"fm_current_post_type8\" \/><input type=\"hidden\" id=\"counter8\" value=\"8\" name=\"counter8\" \/><input type=\"hidden\" id=\"Itemid8\" value=\"\" name=\"Itemid8\" \/><input type=\"hidden\" id=\"fm_shake8\" value=\"1\" name=\"fm_shake8\" \/><input type=\"text\" class=\"fm-hide\" id=\"fm_empty_field_validation8\" value=\"\" name=\"fm_empty_field_validation8\" data-value=\"bd736efb144d599cf463541431fbf5c4\" \/><div class=\"wdform-page-and-images fm-form-builder\"><div id=\"8form_view1\" class=\"wdform_page\" page_title=\"Untitled page\" next_title=\"Next\" next_type=\"text\" next_class=\"wdform-page-button\" next_checkable=\"true\" previous_title=\"Previous\" previous_type=\"text\" previous_class=\"wdform-page-button\" previous_checkable=\"false\"><div class=\"wdform_section\"><div class=\"wdform_column\"><div wdid=\"3\" class=\"wdform_row\"><div type=\"type_text\" class=\"wdform-field wd-width-100 wd-flex wd-flex-row fm-type_text\" ><div class=\"wdform-label-section wd-width-30 wd-hidden  wd-flex-row wd-align-items-center\">    <label  for=\"wdform_3_element8\" class=\"wdform-label\">Nombre<\/label><span class=\"wdform-required\">*<\/span><\/div><div class=\"wdform-element-section wd-flex  wd-flex-row wd-align-items-center wd-width-100\" ><input type=\"text\"                           class=\"wd-width-100\"                           id=\"wdform_3_element8\"                           name=\"wdform_3_element8\"                           value=\"\"                           title=\"Nombre completo\"                           placeholder=\"Nombre completo\"                                                       \/><\/div><\/div><\/div><div wdid=\"4\" class=\"wdform_row\" style=\"position: relative; left: 0px; top: 0px;\"><div type=\"type_phone_new\" class=\"wdform-field wd-width-100 wd-flex wd-flex-row fm-type_phone_new\" ><div class=\"wdform-label-section wd-width-30 wd-hidden\">    <label  for=\"wdform_4_element8\" class=\"wdform-label\">Phone<\/label><span class=\"wdform-required\">*<\/span><\/div><div class=\"wdform-element-section wd-flex  wd-width-100\" ><input type=\"text\"                       class=\"wd-width-100\"                       id=\"wdform_4_element8\"                       name=\"wdform_4_element8\"                       value=\"\"                       placeholder=\"\"  \/><\/div><\/div><\/div><\/div><div class=\"wdform_column\"><div wdid=\"5\" class=\"wdform_row\"><div type=\"type_submitter_mail\" class=\"wdform-field wd-width-100 wd-flex wd-flex-row fm-type_submitter_mail\" ><div class=\"wdform-label-section wd-width-30 wd-hidden  wd-flex-row\">    <label  for=\"wdform_5_element8\" class=\"wdform-label\">Correo electr\u00f3nico<\/label><span class=\"wdform-required\">*<\/span><\/div><div class=\"wdform-element-section wd-flex  wd-flex-row wd-width-100\" ><input type=\"text\" class=\"wd-width-100\" id=\"wdform_5_element8\" name=\"wdform_5_element8\" value=\"\" title=\"E-mail\" placeholder=\"E-mail\"   onchange=\"wd_check_email('5', '8', 'This is not a valid email address.')\" \/><\/div><\/div><\/div><div wdid=\"6\" class=\"wdform_row\" style=\"position: relative; left: 0px; top: 0px;\"><div type=\"type_own_select\" class=\"wdform-field wd-width-100 wd-flex wd-flex-row fm-type_own_select\" ><div class=\"wdform-label-section wd-width-30 wd-hidden wdform_select wd-flex-row\">    <label  for=\"wdform_6_element8\" class=\"wdform-label\">Select<\/label><span class=\"wdform-required\">*<\/span><\/div><div class=\"wdform-element-section wd-flex wdform_select wd-flex-row wd-width-100\" ><select class=\"wd-width-100\" id=\"wdform_6_element8\" name=\"wdform_6_element8\" ><option value=\"\" selected=\"selected\">Seleccione el servicio<\/option><option value=\"Apoyo jur\u00eddico\" >Legal support<\/option><option value=\"Cr\u00e9ditos\" >Cr\u00e9ditos<\/option><option value=\"Inmobiliaria\" >Real estate<\/option><option value=\"Seguros\" >Insurance<\/option><\/select><\/div><\/div><\/div><\/div><div class=\"wdform_column\"><div wdid=\"7\" class=\"wdform_row\" style=\"position: relative; left: 0px; top: 0px;\"><div type=\"type_textarea\" class=\"wdform-field wd-width-100 wd-flex wd-flex-row fm-type_textarea\" ><div class=\"wdform-label-section wd-width-30 wd-hidden\">    <label  for=\"wdform_7_element8\" class=\"wdform-label\">Textarea<\/label><span class=\"wdform-required\">*<\/span><\/div><div class=\"wdform-element-section wd-flex  wd-width-100\" ><textarea class=\"wd-width-100\"                      id=\"wdform_7_element8\"                      name=\"wdform_7_element8\"                      placeholder=\"Especificaci\u00f3n breve\"                      maxlength=\"\"                      style=\"height: 100px;\"                      ><\/textarea><\/div><\/div><\/div><div wdid=\"1\" class=\"wdform_row\" style=\"position: relative; left: 0px; top: 0px;\"><div type=\"type_submit_reset\" class=\"wdform-field wd-width-100 wd-flex wd-flex-column fm-type_submit_reset\" ><div class=\"wdform-element-section wd-flex  wd-flex-row wd-justify-content-left wd-width-100\" ><button  type=\"button\" class=\"button-submit\" onclick=\"fm_submit_form('8');\"  data-ajax=\"0\"><span class=\"fm-submit-loading spinner fm-ico-spinner\"><\/span>Send<\/button><button  type=\"button\" class=\"button-reset wd-hidden\" onclick=\"fm_reset_form(8);\" >Reset<\/button><\/div><\/div><\/div><\/div><\/div><div valign=\"top\" class=\"wdform_footer wd-width-100\"><div class=\"wd-width-100\"><div class=\"wd-width-100 wd-table\" style=\"padding-top:10px;\"><div class=\"wd-table-group\"><div id=\"8page_nav1\" class=\"wd-table-row\"><\/div><\/div><\/div><\/div><\/div><\/div><\/div><div class=\"wdform_preload\"><\/div><input type=\"hidden\" name=\"fm-current-page\" value=\"https:\/\/elasseguros.com\/en\/wp-json\/wp\/v2\/pages\/899\" \/><input type=\"hidden\" name=\"trp-form-language\" value=\"en\"\/><\/form><\/div><\/div>\n\t\t\t\t<\/div>\n\t\t\t\t<\/div>\n\t\t\t\t\t\t<\/div>\n\t\t\t\t\t<\/div>\n\t\t<\/div>\n\t\t\t\t<div class=\"elementor-column elementor-col-50 elementor-top-column elementor-element elementor-element-5bde54e\" data-id=\"5bde54e\" data-element_type=\"column\">\n\t\t\t<div class=\"elementor-column-wrap elementor-element-populated\">\n\t\t\t\t\t\t\t<div class=\"elementor-widget-wrap\">\n\t\t\t\t\t\t<div class=\"elementor-element elementor-element-9e77ac6 elementor-widget elementor-widget-image\" data-id=\"9e77ac6\" data-element_type=\"widget\" data-widget_type=\"image.default\">\n\t\t\t\t<div class=\"elementor-widget-container\">\n\t\t\t\t\t\t\t\t<div class=\"elementor-image\">\n\t\t\t\t\t\t\t\t\t\t\t\t<img decoding=\"async\" width=\"773\" height=\"527\" src=\"https:\/\/elasseguros.com\/wp-content\/uploads\/2020\/06\/logo-1f-e1592520579544.png\" class=\"attachment-large size-large wp-image-991\" alt=\"\" loading=\"lazy\" srcset=\"https:\/\/elasseguros.com\/wp-content\/uploads\/2020\/06\/logo-1f-e1592520579544.png 773w, https:\/\/elasseguros.com\/wp-content\/uploads\/2020\/06\/logo-1f-e1592520579544-300x205.png 300w, https:\/\/elasseguros.com\/wp-content\/uploads\/2020\/06\/logo-1f-e1592520579544-768x524.png 768w, https:\/\/elasseguros.com\/wp-content\/uploads\/2020\/06\/logo-1f-e1592520579544-230x157.png 230w, https:\/\/elasseguros.com\/wp-content\/uploads\/2020\/06\/logo-1f-e1592520579544-350x239.png 350w, https:\/\/elasseguros.com\/wp-content\/uploads\/2020\/06\/logo-1f-e1592520579544-480x327.png 480w\" sizes=\"(max-width: 773px) 100vw, 773px\" \/>\t\t\t\t\t\t\t\t\t\t\t\t\t\t<\/div>\n\t\t\t\t\t\t<\/div>\n\t\t\t\t<\/div>\n\t\t\t\t\t\t<\/div>\n\t\t\t\t\t<\/div>\n\t\t<\/div>\n\t\t\t\t\t\t\t\t<\/div>\n\t\t\t\t\t<\/div>\n\t\t<\/section>\n\t\t\t\t<section class=\"elementor-section elementor-top-section elementor-element elementor-element-3f199a7 elementor-section-stretched elementor-section-boxed elementor-section-height-default elementor-section-height-default\" data-id=\"3f199a7\" data-element_type=\"section\" data-settings=\"{&quot;background_background&quot;:&quot;classic&quot;,&quot;stretch_section&quot;:&quot;section-stretched&quot;}\">\n\t\t\t\t\t\t<div class=\"elementor-container elementor-column-gap-default\">\n\t\t\t\t\t\t\t<div class=\"elementor-row\">\n\t\t\t\t\t<div class=\"elementor-column elementor-col-25 elementor-top-column elementor-element elementor-element-220ed2a\" data-id=\"220ed2a\" data-element_type=\"column\">\n\t\t\t<div class=\"elementor-column-wrap elementor-element-populated\">\n\t\t\t\t\t\t\t<div class=\"elementor-widget-wrap\">\n\t\t\t\t\t\t<div class=\"elementor-element elementor-element-a46eb30 elementor-widget elementor-widget-heading\" data-id=\"a46eb30\" data-element_type=\"widget\" data-widget_type=\"heading.default\">\n\t\t\t\t<div class=\"elementor-widget-container\">\n\t\t\t<h2 class=\"elementor-heading-title elementor-size-default\">THE DUKE AS<\/h2>\t\t<\/div>\n\t\t\t\t<\/div>\n\t\t\t\t<div class=\"elementor-element elementor-element-577cd2c elementor-widget elementor-widget-spacer\" data-id=\"577cd2c\" data-element_type=\"widget\" data-widget_type=\"spacer.default\">\n\t\t\t\t<div class=\"elementor-widget-container\">\n\t\t\t\t\t<div class=\"elementor-spacer\">\n\t\t\t<div class=\"elementor-spacer-inner\"><\/div>\n\t\t<\/div>\n\t\t\t\t<\/div>\n\t\t\t\t<\/div>\n\t\t\t\t<div class=\"elementor-element elementor-element-5615cd9 elementor-position-left elementor-view-default elementor-mobile-position-top elementor-vertical-align-top elementor-widget elementor-widget-icon-box\" data-id=\"5615cd9\" data-element_type=\"widget\" data-widget_type=\"icon-box.default\">\n\t\t\t\t<div class=\"elementor-widget-container\">\n\t\t\t\t\t<div class=\"elementor-icon-box-wrapper\">\n\t\t\t\t\t\t<div class=\"elementor-icon-box-icon\">\n\t\t\t\t<span class=\"elementor-icon elementor-animation-\" >\n\t\t\t\t<i aria-hidden=\"true\" class=\"fas fa-phone-volume\"><\/i>\t\t\t\t<\/span>\n\t\t\t<\/div>\n\t\t\t\t\t\t<div class=\"elementor-icon-box-content\">\n\t\t\t\t<h3 class=\"elementor-icon-box-title\">\n\t\t\t\t\t<span  >\n\t\t\t\t\t\t(+60) 1 366 0010 \/ (+57) 350 659 0045\t\t\t\t\t<\/span>\n\t\t\t\t<\/h3>\n\t\t\t\t\t\t\t<\/div>\n\t\t<\/div>\n\t\t\t\t<\/div>\n\t\t\t\t<\/div>\n\t\t\t\t<div class=\"elementor-element elementor-element-5ed274f elementor-position-left elementor-view-default elementor-mobile-position-top elementor-vertical-align-top elementor-widget elementor-widget-icon-box\" data-id=\"5ed274f\" data-element_type=\"widget\" data-widget_type=\"icon-box.default\">\n\t\t\t\t<div class=\"elementor-widget-container\">\n\t\t\t\t\t<div class=\"elementor-icon-box-wrapper\">\n\t\t\t\t\t\t<div class=\"elementor-icon-box-icon\">\n\t\t\t\t<span class=\"elementor-icon elementor-animation-\" >\n\t\t\t\t<i aria-hidden=\"true\" class=\"far fa-envelope\"><\/i>\t\t\t\t<\/span>\n\t\t\t<\/div>\n\t\t\t\t\t\t<div class=\"elementor-icon-box-content\">\n\t\t\t\t<h3 class=\"elementor-icon-box-title\">\n\t\t\t\t\t<span  >\n\t\t\t\t\t\tventas@elasseguros.com\t\t\t\t\t<\/span>\n\t\t\t\t<\/h3>\n\t\t\t\t\t\t\t<\/div>\n\t\t<\/div>\n\t\t\t\t<\/div>\n\t\t\t\t<\/div>\n\t\t\t\t\t\t<\/div>\n\t\t\t\t\t<\/div>\n\t\t<\/div>\n\t\t\t\t<div class=\"elementor-column elementor-col-25 elementor-top-column elementor-element elementor-element-bf8ffff\" data-id=\"bf8ffff\" data-element_type=\"column\">\n\t\t\t<div class=\"elementor-column-wrap\">\n\t\t\t\t\t\t\t<div class=\"elementor-widget-wrap\">\n\t\t\t\t\t\t\t\t<\/div>\n\t\t\t\t\t<\/div>\n\t\t<\/div>\n\t\t\t\t<div class=\"elementor-column elementor-col-25 elementor-top-column elementor-element elementor-element-e0663d9\" data-id=\"e0663d9\" data-element_type=\"column\">\n\t\t\t<div class=\"elementor-column-wrap elementor-element-populated\">\n\t\t\t\t\t\t\t<div class=\"elementor-widget-wrap\">\n\t\t\t\t\t\t<div class=\"elementor-element elementor-element-1fa051b elementor-shape-circle elementor-grid-0 e-grid-align-center elementor-widget elementor-widget-social-icons\" data-id=\"1fa051b\" data-element_type=\"widget\" data-widget_type=\"social-icons.default\">\n\t\t\t\t<div class=\"elementor-widget-container\">\n\t\t\t\t\t<div class=\"elementor-social-icons-wrapper elementor-grid\">\n\t\t\t\t\t\t\t<span class=\"elementor-grid-item\">\n\t\t\t\t\t<a class=\"elementor-icon elementor-social-icon elementor-social-icon-phone-volume elementor-repeater-item-8aeb1e1\" href=\"tel:0317943300\" target=\"_blank\">\n\t\t\t\t\t\t<span class=\"elementor-screen-only\">Phone-volume<\/span>\n\t\t\t\t\t\t<i class=\"fas fa-phone-volume\"><\/i>\t\t\t\t\t<\/a>\n\t\t\t\t<\/span>\n\t\t\t\t\t<\/div>\n\t\t\t\t<\/div>\n\t\t\t\t<\/div>\n\t\t\t\t<div class=\"elementor-element elementor-element-31ff9e5 elementor-widget elementor-widget-heading\" data-id=\"31ff9e5\" data-element_type=\"widget\" data-widget_type=\"heading.default\">\n\t\t\t\t<div class=\"elementor-widget-container\">\n\t\t\t<h2 class=\"elementor-heading-title elementor-size-default\"><a href=\"tel:0317943300\" target=\"_blank\">Ll\u00e1manos al PBX 7943300<\/a><\/h2>\t\t<\/div>\n\t\t\t\t<\/div>\n\t\t\t\t\t\t<\/div>\n\t\t\t\t\t<\/div>\n\t\t<\/div>\n\t\t\t\t<div class=\"elementor-column elementor-col-25 elementor-top-column elementor-element elementor-element-f89d2f7\" data-id=\"f89d2f7\" data-element_type=\"column\">\n\t\t\t<div class=\"elementor-column-wrap elementor-element-populated\">\n\t\t\t\t\t\t\t<div class=\"elementor-widget-wrap\">\n\t\t\t\t\t\t<div class=\"elementor-element elementor-element-6b1636f elementor-shape-circle elementor-grid-0 e-grid-align-center elementor-widget elementor-widget-social-icons\" data-id=\"6b1636f\" data-element_type=\"widget\" data-widget_type=\"social-icons.default\">\n\t\t\t\t<div class=\"elementor-widget-container\">\n\t\t\t\t\t<div class=\"elementor-social-icons-wrapper elementor-grid\">\n\t\t\t\t\t\t\t<span class=\"elementor-grid-item\">\n\t\t\t\t\t<a class=\"elementor-icon elementor-social-icon elementor-social-icon-facebook elementor-repeater-item-8aeb1e1\" href=\"https:\/\/www.facebook.com\/El-Duque-Agencia-de-Seguros-2083581685063413\/?modal=admin_todo_tour\" target=\"_blank\">\n\t\t\t\t\t\t<span class=\"elementor-screen-only\">Facebook<\/span>\n\t\t\t\t\t\t<i class=\"fab fa-facebook\"><\/i>\t\t\t\t\t<\/a>\n\t\t\t\t<\/span>\n\t\t\t\t\t<\/div>\n\t\t\t\t<\/div>\n\t\t\t\t<\/div>\n\t\t\t\t<div class=\"elementor-element elementor-element-c14a675 elementor-shape-circle elementor-grid-0 e-grid-align-center elementor-widget elementor-widget-social-icons\" data-id=\"c14a675\" data-element_type=\"widget\" data-widget_type=\"social-icons.default\">\n\t\t\t\t<div class=\"elementor-widget-container\">\n\t\t\t\t\t<div class=\"elementor-social-icons-wrapper elementor-grid\">\n\t\t\t\t\t\t\t<span class=\"elementor-grid-item\">\n\t\t\t\t\t<a class=\"elementor-icon elementor-social-icon elementor-social-icon-instagram elementor-repeater-item-8aeb1e1\" href=\"https:\/\/instagram.com\/elasseguros?igshid=15461ouedccrd\" target=\"_blank\">\n\t\t\t\t\t\t<span class=\"elementor-screen-only\">Instagram<\/span>\n\t\t\t\t\t\t<i class=\"fab fa-instagram\"><\/i>\t\t\t\t\t<\/a>\n\t\t\t\t<\/span>\n\t\t\t\t\t<\/div>\n\t\t\t\t<\/div>\n\t\t\t\t<\/div>\n\t\t\t\t\t\t<\/div>\n\t\t\t\t\t<\/div>\n\t\t<\/div>\n\t\t\t\t\t\t\t\t<\/div>\n\t\t\t\t\t<\/div>\n\t\t<\/section>\n\t\t\t\t\t\t\t\t\t<\/div>\n\t\t\t<\/div>\n\t\t\t\t\t<\/div>","protected":false},"excerpt":{"rendered":"<p>Seguro Todo Riesgo Veh\u00edculos Con esta p\u00f3liza podr\u00e1 garantizar los da\u00f1os o roturas de su autom\u00f3vil o veh\u00edculo, as\u00ed como los posibles [&hellip;]<\/p>","protected":false},"author":1,"featured_media":900,"parent":0,"menu_order":0,"comment_status":"closed","ping_status":"closed","template":"elementor_header_footer","meta":[],"_links":{"self":[{"href":"https:\/\/elasseguros.com\/en\/wp-json\/wp\/v2\/pages\/899"}],"collection":[{"href":"https:\/\/elasseguros.com\/en\/wp-json\/wp\/v2\/pages"}],"about":[{"href":"https:\/\/elasseguros.com\/en\/wp-json\/wp\/v2\/types\/page"}],"author":[{"embeddable":true,"href":"https:\/\/elasseguros.com\/en\/wp-json\/wp\/v2\/users\/1"}],"replies":[{"embeddable":true,"href":"https:\/\/elasseguros.com\/en\/wp-json\/wp\/v2\/comments?post=899"}],"version-history":[{"count":36,"href":"https:\/\/elasseguros.com\/en\/wp-json\/wp\/v2\/pages\/899\/revisions"}],"predecessor-version":[{"id":3275,"href":"https:\/\/elasseguros.com\/en\/wp-json\/wp\/v2\/pages\/899\/revisions\/3275"}],"wp:featuredmedia":[{"embeddable":true,"href":"https:\/\/elasseguros.com\/en\/wp-json\/wp\/v2\/media\/900"}],"wp:attachment":[{"href":"https:\/\/elasseguros.com\/en\/wp-json\/wp\/v2\/media?parent=899"}],"curies":[{"name":"wp","href":"https:\/\/api.w.org\/{rel}","templated":true}]}}