{"id":959,"date":"2020-06-12T19:11:00","date_gmt":"2020-06-12T19:11:00","guid":{"rendered":"https:\/\/elasseguros.com\/?page_id=959"},"modified":"2023-03-29T16:34:49","modified_gmt":"2023-03-29T21:34:49","slug":"creditos-hipotecarios","status":"publish","type":"page","link":"https:\/\/elasseguros.com\/en\/creditos-hipotecarios\/","title":{"rendered":"Mortgage credits"},"content":{"rendered":"<div data-elementor-type=\"wp-page\" data-elementor-id=\"959\" class=\"elementor elementor-959\">\n\t\t\t\t\t\t<div class=\"elementor-inner\">\n\t\t\t\t<div class=\"elementor-section-wrap\">\n\t\t\t\t\t\t\t\t\t<section class=\"elementor-section elementor-top-section elementor-element elementor-element-cab9a05 elementor-section-full_width elementor-section-stretched elementor-section-height-default elementor-section-height-default\" data-id=\"cab9a05\" data-element_type=\"section\" data-settings=\"{&quot;stretch_section&quot;:&quot;section-stretched&quot;}\">\n\t\t\t\t\t\t<div class=\"elementor-container elementor-column-gap-default\">\n\t\t\t\t\t\t\t<div class=\"elementor-row\">\n\t\t\t\t\t<div class=\"elementor-column elementor-col-100 elementor-top-column elementor-element elementor-element-8b301da\" data-id=\"8b301da\" data-element_type=\"column\">\n\t\t\t<div class=\"elementor-column-wrap elementor-element-populated\">\n\t\t\t\t\t\t\t<div class=\"elementor-widget-wrap\">\n\t\t\t\t\t\t<div class=\"elementor-element elementor-element-c6d98ac elementor-widget elementor-widget-image\" data-id=\"c6d98ac\" data-element_type=\"widget\" data-widget_type=\"image.default\">\n\t\t\t\t<div class=\"elementor-widget-container\">\n\t\t\t\t\t\t\t\t<div class=\"elementor-image\">\n\t\t\t\t\t\t\t\t\t\t\t\t\t<a href=\"https:\/\/api.whatsapp.com\/send?phone=5717943300&#038;text=Estoy%20interesada(o)%20en%20tramitar%20un%20cr\u00e9dito%20hipotecario\" target=\"_blank\">\n\t\t\t\t\t\t\t<img decoding=\"async\" width=\"1920\" height=\"600\" src=\"https:\/\/elasseguros.com\/wp-content\/uploads\/2023\/03\/Banncrehip.jpg\" class=\"attachment-2048x2048 size-2048x2048 wp-image-3116\" alt=\"\" loading=\"lazy\" srcset=\"https:\/\/elasseguros.com\/wp-content\/uploads\/2023\/03\/Banncrehip.jpg 1920w, https:\/\/elasseguros.com\/wp-content\/uploads\/2023\/03\/Banncrehip-300x94.jpg 300w, https:\/\/elasseguros.com\/wp-content\/uploads\/2023\/03\/Banncrehip-1024x320.jpg 1024w, https:\/\/elasseguros.com\/wp-content\/uploads\/2023\/03\/Banncrehip-768x240.jpg 768w, https:\/\/elasseguros.com\/wp-content\/uploads\/2023\/03\/Banncrehip-1536x480.jpg 1536w, https:\/\/elasseguros.com\/wp-content\/uploads\/2023\/03\/Banncrehip-18x6.jpg 18w, https:\/\/elasseguros.com\/wp-content\/uploads\/2023\/03\/Banncrehip-1000x313.jpg 1000w, https:\/\/elasseguros.com\/wp-content\/uploads\/2023\/03\/Banncrehip-230x72.jpg 230w, https:\/\/elasseguros.com\/wp-content\/uploads\/2023\/03\/Banncrehip-350x109.jpg 350w, https:\/\/elasseguros.com\/wp-content\/uploads\/2023\/03\/Banncrehip-480x150.jpg 480w\" sizes=\"(max-width: 1920px) 100vw, 1920px\" \/>\t\t\t\t\t\t\t\t<\/a>\n\t\t\t\t\t\t\t\t\t\t\t\t\t\t<\/div>\n\t\t\t\t\t\t<\/div>\n\t\t\t\t<\/div>\n\t\t\t\t\t\t<\/div>\n\t\t\t\t\t<\/div>\n\t\t<\/div>\n\t\t\t\t\t\t\t\t<\/div>\n\t\t\t\t\t<\/div>\n\t\t<\/section>\n\t\t\t\t<section class=\"elementor-section elementor-top-section elementor-element elementor-element-1871079 elementor-section-boxed elementor-section-height-default elementor-section-height-default\" data-id=\"1871079\" data-element_type=\"section\">\n\t\t\t\t\t\t<div class=\"elementor-container elementor-column-gap-default\">\n\t\t\t\t\t\t\t<div class=\"elementor-row\">\n\t\t\t\t\t<div class=\"elementor-column elementor-col-50 elementor-top-column elementor-element elementor-element-f5ed84a\" data-id=\"f5ed84a\" data-element_type=\"column\">\n\t\t\t<div class=\"elementor-column-wrap elementor-element-populated\">\n\t\t\t\t\t\t\t<div class=\"elementor-widget-wrap\">\n\t\t\t\t\t\t<div class=\"elementor-element elementor-element-f047134 elementor-widget elementor-widget-text-editor\" data-id=\"f047134\" data-element_type=\"widget\" data-widget_type=\"text-editor.default\">\n\t\t\t\t<div class=\"elementor-widget-container\">\n\t\t\t\t\t\t\t\t<div class=\"elementor-text-editor elementor-clearfix\">\n\t\t\t\t<h1>Mortgage credit<\/h1><p>Este tipo de cr\u00e9dito est\u00e1 sujeto \u00fanicamente a adquirir una propiedad o inmuebles Seg\u00fan sus caracter\u00edsticas y el tipo de propiedad que desee adquirir, es importante tener en cuenta su perfil para entender cu\u00e1l es su mejor opci\u00f3n de l\u00ednea de cr\u00e9dito.<br \/>Existen varios tipos de cr\u00e9dito hipotecario o con garant\u00eda hipotecaria que son:<br \/>Types of credits:<\/p><ul><li>Mortgage Credit in pesos.<\/li><li>UVR Mortgage Credit.<\/li><li>Residential and \/ or commercial leasing.<\/li><li>Purchase of portfolio (financial liabilities) with mortgage guarantee.<\/li><li>Remodeling with a mortgage guarantee.<\/li><li>Purchase of portfolio between banks.<\/li><\/ul><p>Requirements:<\/p><ul><li>No encontrarse reportado en centrales de riesgo ning\u00fan titular de manera negativa.<\/li><li>Reunir la documentaci\u00f3n necesaria seg\u00fan el perfil de cliente o tipo de ingreso.<\/li><\/ul><p><em>\u00a1Somos expertos en cr\u00e9ditos hipotecarios, Cont\u00e1ctenos! \u00a1Asesor\u00eda gratis!<\/em><\/p>\t\t\t\t\t<\/div>\n\t\t\t\t\t\t<\/div>\n\t\t\t\t<\/div>\n\t\t\t\t\t\t<\/div>\n\t\t\t\t\t<\/div>\n\t\t<\/div>\n\t\t\t\t<div class=\"elementor-column elementor-col-50 elementor-top-column elementor-element elementor-element-f509780\" data-id=\"f509780\" data-element_type=\"column\">\n\t\t\t<div class=\"elementor-column-wrap elementor-element-populated\">\n\t\t\t\t\t\t\t<div class=\"elementor-widget-wrap\">\n\t\t\t\t\t\t<div class=\"elementor-element elementor-element-ff206bb elementor-align-center animated-slow e-transform e-transform elementor-invisible elementor-widget elementor-widget-button\" data-id=\"ff206bb\" data-element_type=\"widget\" data-settings=\"{&quot;_animation&quot;:&quot;bounceIn&quot;,&quot;_transform_rotateZ_effect_hover&quot;:{&quot;unit&quot;:&quot;px&quot;,&quot;size&quot;:360,&quot;sizes&quot;:[]},&quot;_transform_scale_effect_hover&quot;:{&quot;unit&quot;:&quot;px&quot;,&quot;size&quot;:1.399999999999999911182158029987476766109466552734375,&quot;sizes&quot;:[]},&quot;_transform_rotateZ_effect_hover_tablet&quot;:{&quot;unit&quot;:&quot;deg&quot;,&quot;size&quot;:&quot;&quot;,&quot;sizes&quot;:[]},&quot;_transform_rotateZ_effect_hover_mobile&quot;:{&quot;unit&quot;:&quot;deg&quot;,&quot;size&quot;:&quot;&quot;,&quot;sizes&quot;:[]},&quot;_transform_scale_effect_hover_tablet&quot;:{&quot;unit&quot;:&quot;px&quot;,&quot;size&quot;:&quot;&quot;,&quot;sizes&quot;:[]},&quot;_transform_scale_effect_hover_mobile&quot;:{&quot;unit&quot;:&quot;px&quot;,&quot;size&quot;:&quot;&quot;,&quot;sizes&quot;:[]}}\" data-widget_type=\"button.default\">\n\t\t\t\t<div class=\"elementor-widget-container\">\n\t\t\t\t\t<div class=\"elementor-button-wrapper\">\n\t\t\t<a href=\"https:\/\/api.whatsapp.com\/send?phone=5717943300&#038;text=Estoy%20interesada(o)%20en%20tramitar%20un%20cr\u00e9dito%20hipotecario\" target=\"_blank\" class=\"elementor-button-link elementor-button elementor-size-sm\" role=\"button\">\n\t\t\t\t\t\t<span class=\"elementor-button-content-wrapper\">\n\t\t\t\t\t\t\t<span class=\"elementor-button-icon elementor-align-icon-left\">\n\t\t\t\t<i aria-hidden=\"true\" class=\"fab fa-whatsapp\"><\/i>\t\t\t<\/span>\n\t\t\t\t\t\t<span class=\"elementor-button-text\">ESCR\u00cdBANOS<\/span>\n\t\t<\/span>\n\t\t\t\t\t<\/a>\n\t\t<\/div>\n\t\t\t\t<\/div>\n\t\t\t\t<\/div>\n\t\t\t\t\t\t<\/div>\n\t\t\t\t\t<\/div>\n\t\t<\/div>\n\t\t\t\t\t\t\t\t<\/div>\n\t\t\t\t\t<\/div>\n\t\t<\/section>\n\t\t\t\t<section class=\"elementor-section elementor-top-section elementor-element elementor-element-8f8b6ce elementor-section-stretched elementor-section-full_width elementor-section-height-default elementor-section-height-default\" data-id=\"8f8b6ce\" data-element_type=\"section\" data-settings=\"{&quot;stretch_section&quot;:&quot;section-stretched&quot;,&quot;background_background&quot;:&quot;classic&quot;}\">\n\t\t\t\t\t\t<div class=\"elementor-container elementor-column-gap-default\">\n\t\t\t\t\t\t\t<div class=\"elementor-row\">\n\t\t\t\t\t<div class=\"elementor-column elementor-col-100 elementor-top-column elementor-element elementor-element-74bccaa\" data-id=\"74bccaa\" data-element_type=\"column\">\n\t\t\t<div class=\"elementor-column-wrap elementor-element-populated\">\n\t\t\t\t\t\t\t<div class=\"elementor-widget-wrap\">\n\t\t\t\t\t\t<div class=\"elementor-element elementor-element-76350b8 elementor-widget elementor-widget-heading\" data-id=\"76350b8\" data-element_type=\"widget\" data-widget_type=\"heading.default\">\n\t\t\t\t<div class=\"elementor-widget-container\">\n\t\t\t<h1 class=\"elementor-heading-title elementor-size-default\">Formulario<\/h1>\t\t<\/div>\n\t\t\t\t<\/div>\n\t\t\t\t\t\t<\/div>\n\t\t\t\t\t<\/div>\n\t\t<\/div>\n\t\t\t\t\t\t\t\t<\/div>\n\t\t\t\t\t<\/div>\n\t\t<\/section>\n\t\t\t\t<section class=\"elementor-section elementor-top-section elementor-element elementor-element-e4cad23 elementor-section-boxed elementor-section-height-default elementor-section-height-default\" data-id=\"e4cad23\" data-element_type=\"section\">\n\t\t\t\t\t\t<div class=\"elementor-container elementor-column-gap-default\">\n\t\t\t\t\t\t\t<div class=\"elementor-row\">\n\t\t\t\t\t<div class=\"elementor-column elementor-col-50 elementor-top-column elementor-element elementor-element-6eb63ec\" data-id=\"6eb63ec\" data-element_type=\"column\">\n\t\t\t<div class=\"elementor-column-wrap elementor-element-populated\">\n\t\t\t\t\t\t\t<div class=\"elementor-widget-wrap\">\n\t\t\t\t\t\t<div class=\"elementor-element elementor-element-ab914c2 elementor-widget elementor-widget-shortcode\" data-id=\"ab914c2\" data-element_type=\"widget\" data-widget_type=\"shortcode.default\">\n\t\t\t\t<div class=\"elementor-widget-container\">\n\t\t\t\t\t<div class=\"elementor-shortcode\"><div style=\"display:none\" class=\"fm-form-container fm-theme1\"><div id=\"fm-pages8\" class=\"fm-pages wdform_page_navigation\" show_title=\"\" show_numbers=\"1\" type=\"none\"><\/div><form name=\"form8\" action=\"\/en\/wp-json\/wp\/v2\/pages\/959\" method=\"post\" id=\"form8\" class=\"fm-form form8\" enctype=\"multipart\/form-data\" data-trp-original-action=\"\/en\/wp-json\/wp\/v2\/pages\/959\"><input type=\"hidden\" id=\"fm_page_id8\" value=\"959\" name=\"fm_page_id8\" \/><input type=\"hidden\" id=\"fm_current_post_type8\" value=\"page\" name=\"fm_current_post_type8\" \/><input type=\"hidden\" id=\"counter8\" value=\"8\" name=\"counter8\" \/><input type=\"hidden\" id=\"Itemid8\" value=\"\" name=\"Itemid8\" \/><input type=\"hidden\" id=\"fm_shake8\" value=\"1\" name=\"fm_shake8\" \/><input type=\"text\" class=\"fm-hide\" id=\"fm_empty_field_validation8\" value=\"\" name=\"fm_empty_field_validation8\" data-value=\"bd736efb144d599cf463541431fbf5c4\" \/><div class=\"wdform-page-and-images fm-form-builder\"><div id=\"8form_view1\" class=\"wdform_page\" page_title=\"Untitled page\" next_title=\"Next\" next_type=\"text\" next_class=\"wdform-page-button\" next_checkable=\"true\" previous_title=\"Previous\" previous_type=\"text\" previous_class=\"wdform-page-button\" previous_checkable=\"false\"><div class=\"wdform_section\"><div class=\"wdform_column\"><div wdid=\"3\" class=\"wdform_row\"><div type=\"type_text\" class=\"wdform-field wd-width-100 wd-flex wd-flex-row fm-type_text\" ><div class=\"wdform-label-section wd-width-30 wd-hidden  wd-flex-row wd-align-items-center\">    <label  for=\"wdform_3_element8\" class=\"wdform-label\">Nombre<\/label><span class=\"wdform-required\">*<\/span><\/div><div class=\"wdform-element-section wd-flex  wd-flex-row wd-align-items-center wd-width-100\" ><input type=\"text\"                           class=\"wd-width-100\"                           id=\"wdform_3_element8\"                           name=\"wdform_3_element8\"                           value=\"\"                           title=\"Nombre completo\"                           placeholder=\"Nombre completo\"                                                       \/><\/div><\/div><\/div><div wdid=\"4\" class=\"wdform_row\" style=\"position: relative; left: 0px; top: 0px;\"><div type=\"type_phone_new\" class=\"wdform-field wd-width-100 wd-flex wd-flex-row fm-type_phone_new\" ><div class=\"wdform-label-section wd-width-30 wd-hidden\">    <label  for=\"wdform_4_element8\" class=\"wdform-label\">Phone<\/label><span class=\"wdform-required\">*<\/span><\/div><div class=\"wdform-element-section wd-flex  wd-width-100\" ><input type=\"text\"                       class=\"wd-width-100\"                       id=\"wdform_4_element8\"                       name=\"wdform_4_element8\"                       value=\"\"                       placeholder=\"\"  \/><\/div><\/div><\/div><\/div><div class=\"wdform_column\"><div wdid=\"5\" class=\"wdform_row\"><div type=\"type_submitter_mail\" class=\"wdform-field wd-width-100 wd-flex wd-flex-row fm-type_submitter_mail\" ><div class=\"wdform-label-section wd-width-30 wd-hidden  wd-flex-row\">    <label  for=\"wdform_5_element8\" class=\"wdform-label\">Correo electr\u00f3nico<\/label><span class=\"wdform-required\">*<\/span><\/div><div class=\"wdform-element-section wd-flex  wd-flex-row wd-width-100\" ><input type=\"text\" class=\"wd-width-100\" id=\"wdform_5_element8\" name=\"wdform_5_element8\" value=\"\" title=\"E-mail\" placeholder=\"E-mail\"   onchange=\"wd_check_email('5', '8', 'This is not a valid email address.')\" \/><\/div><\/div><\/div><div wdid=\"6\" class=\"wdform_row\" style=\"position: relative; left: 0px; top: 0px;\"><div type=\"type_own_select\" class=\"wdform-field wd-width-100 wd-flex wd-flex-row fm-type_own_select\" ><div class=\"wdform-label-section wd-width-30 wd-hidden wdform_select wd-flex-row\">    <label  for=\"wdform_6_element8\" class=\"wdform-label\">Select<\/label><span class=\"wdform-required\">*<\/span><\/div><div class=\"wdform-element-section wd-flex wdform_select wd-flex-row wd-width-100\" ><select class=\"wd-width-100\" id=\"wdform_6_element8\" name=\"wdform_6_element8\" ><option value=\"\" selected=\"selected\">Seleccione el servicio<\/option><option value=\"Apoyo jur\u00eddico\" >Legal support<\/option><option value=\"Cr\u00e9ditos\" >Cr\u00e9ditos<\/option><option value=\"Inmobiliaria\" >Real estate<\/option><option value=\"Seguros\" >Insurance<\/option><\/select><\/div><\/div><\/div><\/div><div class=\"wdform_column\"><div wdid=\"7\" class=\"wdform_row\" style=\"position: relative; left: 0px; top: 0px;\"><div type=\"type_textarea\" class=\"wdform-field wd-width-100 wd-flex wd-flex-row fm-type_textarea\" ><div class=\"wdform-label-section wd-width-30 wd-hidden\">    <label  for=\"wdform_7_element8\" class=\"wdform-label\">Textarea<\/label><span class=\"wdform-required\">*<\/span><\/div><div class=\"wdform-element-section wd-flex  wd-width-100\" ><textarea class=\"wd-width-100\"                      id=\"wdform_7_element8\"                      name=\"wdform_7_element8\"                      placeholder=\"Especificaci\u00f3n breve\"                      maxlength=\"\"                      style=\"height: 100px;\"                      ><\/textarea><\/div><\/div><\/div><div wdid=\"1\" class=\"wdform_row\" style=\"position: relative; left: 0px; top: 0px;\"><div type=\"type_submit_reset\" class=\"wdform-field wd-width-100 wd-flex wd-flex-column fm-type_submit_reset\" ><div class=\"wdform-element-section wd-flex  wd-flex-row wd-justify-content-left wd-width-100\" ><button  type=\"button\" class=\"button-submit\" onclick=\"fm_submit_form('8');\"  data-ajax=\"0\"><span class=\"fm-submit-loading spinner fm-ico-spinner\"><\/span>Send<\/button><button  type=\"button\" class=\"button-reset wd-hidden\" onclick=\"fm_reset_form(8);\" >Reset<\/button><\/div><\/div><\/div><\/div><\/div><div valign=\"top\" class=\"wdform_footer wd-width-100\"><div class=\"wd-width-100\"><div class=\"wd-width-100 wd-table\" style=\"padding-top:10px;\"><div class=\"wd-table-group\"><div id=\"8page_nav1\" class=\"wd-table-row\"><\/div><\/div><\/div><\/div><\/div><\/div><\/div><div class=\"wdform_preload\"><\/div><input type=\"hidden\" name=\"fm-current-page\" value=\"https:\/\/elasseguros.com\/en\/wp-json\/wp\/v2\/pages\/959\" \/><input type=\"hidden\" name=\"trp-form-language\" value=\"en\"\/><\/form><\/div><\/div>\n\t\t\t\t<\/div>\n\t\t\t\t<\/div>\n\t\t\t\t\t\t<\/div>\n\t\t\t\t\t<\/div>\n\t\t<\/div>\n\t\t\t\t<div class=\"elementor-column elementor-col-50 elementor-top-column elementor-element elementor-element-1a70ae6\" data-id=\"1a70ae6\" data-element_type=\"column\">\n\t\t\t<div class=\"elementor-column-wrap elementor-element-populated\">\n\t\t\t\t\t\t\t<div class=\"elementor-widget-wrap\">\n\t\t\t\t\t\t<div class=\"elementor-element elementor-element-953ff1f elementor-widget elementor-widget-image\" data-id=\"953ff1f\" data-element_type=\"widget\" data-widget_type=\"image.default\">\n\t\t\t\t<div class=\"elementor-widget-container\">\n\t\t\t\t\t\t\t\t<div class=\"elementor-image\">\n\t\t\t\t\t\t\t\t\t\t\t\t<img decoding=\"async\" width=\"773\" height=\"527\" src=\"https:\/\/elasseguros.com\/wp-content\/uploads\/2020\/06\/logo-1f-e1592520579544.png\" class=\"attachment-large size-large wp-image-991\" alt=\"\" loading=\"lazy\" srcset=\"https:\/\/elasseguros.com\/wp-content\/uploads\/2020\/06\/logo-1f-e1592520579544.png 773w, https:\/\/elasseguros.com\/wp-content\/uploads\/2020\/06\/logo-1f-e1592520579544-300x205.png 300w, https:\/\/elasseguros.com\/wp-content\/uploads\/2020\/06\/logo-1f-e1592520579544-768x524.png 768w, https:\/\/elasseguros.com\/wp-content\/uploads\/2020\/06\/logo-1f-e1592520579544-230x157.png 230w, https:\/\/elasseguros.com\/wp-content\/uploads\/2020\/06\/logo-1f-e1592520579544-350x239.png 350w, https:\/\/elasseguros.com\/wp-content\/uploads\/2020\/06\/logo-1f-e1592520579544-480x327.png 480w\" sizes=\"(max-width: 773px) 100vw, 773px\" \/>\t\t\t\t\t\t\t\t\t\t\t\t\t\t<\/div>\n\t\t\t\t\t\t<\/div>\n\t\t\t\t<\/div>\n\t\t\t\t\t\t<\/div>\n\t\t\t\t\t<\/div>\n\t\t<\/div>\n\t\t\t\t\t\t\t\t<\/div>\n\t\t\t\t\t<\/div>\n\t\t<\/section>\n\t\t\t\t<section class=\"elementor-section elementor-top-section elementor-element elementor-element-e017e22 elementor-section-stretched elementor-section-boxed elementor-section-height-default elementor-section-height-default\" data-id=\"e017e22\" data-element_type=\"section\" data-settings=\"{&quot;background_background&quot;:&quot;classic&quot;,&quot;stretch_section&quot;:&quot;section-stretched&quot;}\">\n\t\t\t\t\t\t<div class=\"elementor-container elementor-column-gap-default\">\n\t\t\t\t\t\t\t<div class=\"elementor-row\">\n\t\t\t\t\t<div class=\"elementor-column elementor-col-25 elementor-top-column elementor-element elementor-element-c95d0a5\" data-id=\"c95d0a5\" data-element_type=\"column\">\n\t\t\t<div class=\"elementor-column-wrap elementor-element-populated\">\n\t\t\t\t\t\t\t<div class=\"elementor-widget-wrap\">\n\t\t\t\t\t\t<div class=\"elementor-element elementor-element-bcb7a37 elementor-widget elementor-widget-heading\" data-id=\"bcb7a37\" data-element_type=\"widget\" data-widget_type=\"heading.default\">\n\t\t\t\t<div class=\"elementor-widget-container\">\n\t\t\t<h2 class=\"elementor-heading-title elementor-size-default\">THE DUKE AS<\/h2>\t\t<\/div>\n\t\t\t\t<\/div>\n\t\t\t\t<div class=\"elementor-element elementor-element-3dbaa6b elementor-widget elementor-widget-spacer\" data-id=\"3dbaa6b\" data-element_type=\"widget\" data-widget_type=\"spacer.default\">\n\t\t\t\t<div class=\"elementor-widget-container\">\n\t\t\t\t\t<div class=\"elementor-spacer\">\n\t\t\t<div class=\"elementor-spacer-inner\"><\/div>\n\t\t<\/div>\n\t\t\t\t<\/div>\n\t\t\t\t<\/div>\n\t\t\t\t<div class=\"elementor-element elementor-element-3eefaa9 elementor-position-left elementor-view-default elementor-mobile-position-top elementor-vertical-align-top elementor-widget elementor-widget-icon-box\" data-id=\"3eefaa9\" data-element_type=\"widget\" data-widget_type=\"icon-box.default\">\n\t\t\t\t<div class=\"elementor-widget-container\">\n\t\t\t\t\t<div class=\"elementor-icon-box-wrapper\">\n\t\t\t\t\t\t<div class=\"elementor-icon-box-icon\">\n\t\t\t\t<span class=\"elementor-icon elementor-animation-\" >\n\t\t\t\t<i aria-hidden=\"true\" class=\"fas fa-phone-volume\"><\/i>\t\t\t\t<\/span>\n\t\t\t<\/div>\n\t\t\t\t\t\t<div class=\"elementor-icon-box-content\">\n\t\t\t\t<h3 class=\"elementor-icon-box-title\">\n\t\t\t\t\t<span  >\n\t\t\t\t\t\t(+60) 1 366 0010 \/ (+57) 350 659 0045\t\t\t\t\t<\/span>\n\t\t\t\t<\/h3>\n\t\t\t\t\t\t\t<\/div>\n\t\t<\/div>\n\t\t\t\t<\/div>\n\t\t\t\t<\/div>\n\t\t\t\t<div class=\"elementor-element elementor-element-254da30 elementor-position-left elementor-view-default elementor-mobile-position-top elementor-vertical-align-top elementor-widget elementor-widget-icon-box\" data-id=\"254da30\" data-element_type=\"widget\" data-widget_type=\"icon-box.default\">\n\t\t\t\t<div class=\"elementor-widget-container\">\n\t\t\t\t\t<div class=\"elementor-icon-box-wrapper\">\n\t\t\t\t\t\t<div class=\"elementor-icon-box-icon\">\n\t\t\t\t<span class=\"elementor-icon elementor-animation-\" >\n\t\t\t\t<i aria-hidden=\"true\" class=\"far fa-envelope\"><\/i>\t\t\t\t<\/span>\n\t\t\t<\/div>\n\t\t\t\t\t\t<div class=\"elementor-icon-box-content\">\n\t\t\t\t<h3 class=\"elementor-icon-box-title\">\n\t\t\t\t\t<span  >\n\t\t\t\t\t\tventas@elasseguros.com\t\t\t\t\t<\/span>\n\t\t\t\t<\/h3>\n\t\t\t\t\t\t\t<\/div>\n\t\t<\/div>\n\t\t\t\t<\/div>\n\t\t\t\t<\/div>\n\t\t\t\t\t\t<\/div>\n\t\t\t\t\t<\/div>\n\t\t<\/div>\n\t\t\t\t<div class=\"elementor-column elementor-col-25 elementor-top-column elementor-element elementor-element-5a7f6df\" data-id=\"5a7f6df\" data-element_type=\"column\">\n\t\t\t<div class=\"elementor-column-wrap\">\n\t\t\t\t\t\t\t<div class=\"elementor-widget-wrap\">\n\t\t\t\t\t\t\t\t<\/div>\n\t\t\t\t\t<\/div>\n\t\t<\/div>\n\t\t\t\t<div class=\"elementor-column elementor-col-25 elementor-top-column elementor-element elementor-element-b833244\" data-id=\"b833244\" data-element_type=\"column\">\n\t\t\t<div class=\"elementor-column-wrap elementor-element-populated\">\n\t\t\t\t\t\t\t<div class=\"elementor-widget-wrap\">\n\t\t\t\t\t\t<div class=\"elementor-element elementor-element-5f41484 elementor-shape-circle elementor-grid-0 e-grid-align-center elementor-widget elementor-widget-social-icons\" data-id=\"5f41484\" data-element_type=\"widget\" data-widget_type=\"social-icons.default\">\n\t\t\t\t<div class=\"elementor-widget-container\">\n\t\t\t\t\t<div class=\"elementor-social-icons-wrapper elementor-grid\">\n\t\t\t\t\t\t\t<span class=\"elementor-grid-item\">\n\t\t\t\t\t<a class=\"elementor-icon elementor-social-icon elementor-social-icon-phone-volume elementor-repeater-item-8aeb1e1\" href=\"tel:0317943300\" target=\"_blank\">\n\t\t\t\t\t\t<span class=\"elementor-screen-only\">Phone-volume<\/span>\n\t\t\t\t\t\t<i class=\"fas fa-phone-volume\"><\/i>\t\t\t\t\t<\/a>\n\t\t\t\t<\/span>\n\t\t\t\t\t<\/div>\n\t\t\t\t<\/div>\n\t\t\t\t<\/div>\n\t\t\t\t<div class=\"elementor-element elementor-element-021b38e elementor-widget elementor-widget-heading\" data-id=\"021b38e\" data-element_type=\"widget\" data-widget_type=\"heading.default\">\n\t\t\t\t<div class=\"elementor-widget-container\">\n\t\t\t<h2 class=\"elementor-heading-title elementor-size-default\"><a href=\"tel:0317943300\" target=\"_blank\">Ll\u00e1manos al PBX 7943300<\/a><\/h2>\t\t<\/div>\n\t\t\t\t<\/div>\n\t\t\t\t\t\t<\/div>\n\t\t\t\t\t<\/div>\n\t\t<\/div>\n\t\t\t\t<div class=\"elementor-column elementor-col-25 elementor-top-column elementor-element elementor-element-7ad1420\" data-id=\"7ad1420\" data-element_type=\"column\">\n\t\t\t<div class=\"elementor-column-wrap elementor-element-populated\">\n\t\t\t\t\t\t\t<div class=\"elementor-widget-wrap\">\n\t\t\t\t\t\t<div class=\"elementor-element elementor-element-e7df619 elementor-shape-circle elementor-grid-0 e-grid-align-center elementor-widget elementor-widget-social-icons\" data-id=\"e7df619\" data-element_type=\"widget\" data-widget_type=\"social-icons.default\">\n\t\t\t\t<div class=\"elementor-widget-container\">\n\t\t\t\t\t<div class=\"elementor-social-icons-wrapper elementor-grid\">\n\t\t\t\t\t\t\t<span class=\"elementor-grid-item\">\n\t\t\t\t\t<a class=\"elementor-icon elementor-social-icon elementor-social-icon-facebook elementor-repeater-item-8aeb1e1\" href=\"https:\/\/www.facebook.com\/El-Duque-Agencia-de-Seguros-2083581685063413\/?modal=admin_todo_tour\" target=\"_blank\">\n\t\t\t\t\t\t<span class=\"elementor-screen-only\">Facebook<\/span>\n\t\t\t\t\t\t<i class=\"fab fa-facebook\"><\/i>\t\t\t\t\t<\/a>\n\t\t\t\t<\/span>\n\t\t\t\t\t<\/div>\n\t\t\t\t<\/div>\n\t\t\t\t<\/div>\n\t\t\t\t<div class=\"elementor-element elementor-element-763394f elementor-shape-circle elementor-grid-0 e-grid-align-center elementor-widget elementor-widget-social-icons\" data-id=\"763394f\" data-element_type=\"widget\" data-widget_type=\"social-icons.default\">\n\t\t\t\t<div class=\"elementor-widget-container\">\n\t\t\t\t\t<div class=\"elementor-social-icons-wrapper elementor-grid\">\n\t\t\t\t\t\t\t<span class=\"elementor-grid-item\">\n\t\t\t\t\t<a class=\"elementor-icon elementor-social-icon elementor-social-icon-instagram elementor-repeater-item-8aeb1e1\" href=\"https:\/\/instagram.com\/elasseguros?igshid=15461ouedccrd\" target=\"_blank\">\n\t\t\t\t\t\t<span class=\"elementor-screen-only\">Instagram<\/span>\n\t\t\t\t\t\t<i class=\"fab fa-instagram\"><\/i>\t\t\t\t\t<\/a>\n\t\t\t\t<\/span>\n\t\t\t\t\t<\/div>\n\t\t\t\t<\/div>\n\t\t\t\t<\/div>\n\t\t\t\t\t\t<\/div>\n\t\t\t\t\t<\/div>\n\t\t<\/div>\n\t\t\t\t\t\t\t\t<\/div>\n\t\t\t\t\t<\/div>\n\t\t<\/section>\n\t\t\t\t\t\t\t\t\t<\/div>\n\t\t\t<\/div>\n\t\t\t\t\t<\/div>","protected":false},"excerpt":{"rendered":"<p>Cr\u00e9dito hipotecario Este tipo de cr\u00e9dito est\u00e1 sujeto \u00fanicamente a adquirir una propiedad o inmuebles Seg\u00fan sus caracter\u00edsticas y el tipo de [&hellip;]<\/p>","protected":false},"author":1,"featured_media":961,"parent":0,"menu_order":0,"comment_status":"closed","ping_status":"closed","template":"elementor_header_footer","meta":[],"_links":{"self":[{"href":"https:\/\/elasseguros.com\/en\/wp-json\/wp\/v2\/pages\/959"}],"collection":[{"href":"https:\/\/elasseguros.com\/en\/wp-json\/wp\/v2\/pages"}],"about":[{"href":"https:\/\/elasseguros.com\/en\/wp-json\/wp\/v2\/types\/page"}],"author":[{"embeddable":true,"href":"https:\/\/elasseguros.com\/en\/wp-json\/wp\/v2\/users\/1"}],"replies":[{"embeddable":true,"href":"https:\/\/elasseguros.com\/en\/wp-json\/wp\/v2\/comments?post=959"}],"version-history":[{"count":32,"href":"https:\/\/elasseguros.com\/en\/wp-json\/wp\/v2\/pages\/959\/revisions"}],"predecessor-version":[{"id":3146,"href":"https:\/\/elasseguros.com\/en\/wp-json\/wp\/v2\/pages\/959\/revisions\/3146"}],"wp:featuredmedia":[{"embeddable":true,"href":"https:\/\/elasseguros.com\/en\/wp-json\/wp\/v2\/media\/961"}],"wp:attachment":[{"href":"https:\/\/elasseguros.com\/en\/wp-json\/wp\/v2\/media?parent=959"}],"curies":[{"name":"wp","href":"https:\/\/api.w.org\/{rel}","templated":true}]}}